{"id":679,"date":"2020-07-07T18:09:01","date_gmt":"2020-07-07T18:09:01","guid":{"rendered":"http:\/\/www.apartma-damijan.si\/domaca-stran\/"},"modified":"2020-08-05T08:12:56","modified_gmt":"2020-08-05T08:12:56","slug":"domaca-stran","status":"publish","type":"page","link":"https:\/\/www.apartma-damijan.si\/de\/","title":{"rendered":"Start"},"content":{"rendered":"<p><div class=\"fusion-fullwidth fullwidth-box fusion-builder-row-1 nonhundred-percent-fullwidth non-hundred-percent-height-scrolling\" style=\"--awb-border-radius-top-left:0px;--awb-border-radius-top-right:0px;--awb-border-radius-bottom-right:0px;--awb-border-radius-bottom-left:0px;--awb-margin-top:-55px;--awb-margin-bottom:-20px;--awb-background-color:#d4edfc;--awb-flex-wrap:wrap;\" ><div class=\"fusion-builder-row fusion-row\"><div class=\"fusion-layout-column fusion_builder_column fusion-builder-column-0 fusion_builder_column_1_1 1_1 fusion-one-full fusion-column-first fusion-column-last\" style=\"--awb-bg-size:cover;--awb-margin-top:30px;\"><div class=\"fusion-column-wrapper fusion-column-has-shadow fusion-flex-column-wrapper-legacy\"><div class=\"fusion-text fusion-text-1\"><h2 style=\"text-align: center;\">Willkommen!<\/h2>\n<\/div><div class=\"fusion-text fusion-text-2\"><p style=\"text-align: center;\"><strong>Appartementhaus DAMIJAN<\/strong> (1\/2 +1) befindet sich nur 5 Minuten vom Zentrum von Bled und Bleder See. Es liegt in einer ruhigen und sonnigen Lage mit herrlichem Blick auf die umliegenden Berge.<\/p>\n<p style=\"text-align: center;\">Das Appartment hat einen eigenen Eingang, Balkon, Terrasse, Kabel TV, K\u00fcche, Bad mit Dusche und Safe.<\/p>\n<p style=\"text-align: center;\">Parken: Kostenlose Parkpl\u00e4tze stehen zur Verf\u00fcgung f\u00fcr die G\u00e4ste ohne vorherige Reservierung.<\/p>\n<p style=\"text-align: center;\">Zus\u00e4tzlich zur Bootsfahrt auf Bled Insel mit traditionellen &#8222;Pletna&#8220; Boote, Kutschenfahrt rund um den See und Besichtigung eine der m\u00e4chtigsten Burgen in Slowenien, Burg von Bled, ist Bled ein idealer Ausgangspunkt f\u00fcr zahlreiche Ausfl\u00fcge. Wir empfehlen die Schlucht Vintgar, Bohinj See mit Wasserfall Savica und Vogel Skigebiet, der Hauptstadt Ljubljana, Postojna-H\u00f6hlen, Lipica, Piran, Ptuj, Julischen Alpen mit dem Triglav Nationalpark und viele sportliche Aktivit\u00e4ten wie Radfahren, Wanderungen, AdrenalinSports (Sommerrodelbahn und Adrenalinpark auf Bled Skipiste Straza) und Wintersports.<\/p>\n<p style=\"text-align: center;\">F\u00fcr Einzelheiten \u00fcber verschiedene Aktivit\u00e4ten in Bled, kliken:<\/p>\n<p><a href=\"https:\/\/www.bled.si\/de\" target=\"_blank\" rel=\"noopener noreferrer\"><img decoding=\"async\" class=\"aligncenter wp-image-719 size-full\" src=\"http:\/\/www.apartma-damijan.si\/wp-content\/uploads\/2020\/08\/logo.gif\" alt=\"\" width=\"120\" height=\"84\" \/><\/a><\/p>\n<\/div><div class=\"fusion-clearfix\"><\/div><\/div><\/div><\/div><\/div><div class=\"fusion-fullwidth fullwidth-box fusion-builder-row-2 nonhundred-percent-fullwidth non-hundred-percent-height-scrolling\" style=\"--awb-border-radius-top-left:0px;--awb-border-radius-top-right:0px;--awb-border-radius-bottom-right:0px;--awb-border-radius-bottom-left:0px;--awb-background-color:#d4edfc;--awb-flex-wrap:wrap;\" ><div class=\"fusion-builder-row fusion-row\"><div class=\"fusion-layout-column fusion_builder_column fusion-builder-column-1 fusion_builder_column_1_1 1_1 fusion-one-full fusion-column-first fusion-column-last\" style=\"--awb-bg-size:cover;\"><div class=\"fusion-column-wrapper fusion-column-has-shadow fusion-flex-column-wrapper-legacy\"><div class=\"fusion-sep-clear\"><\/div><div class=\"fusion-separator fusion-full-width-sep\" style=\"margin-left: auto;margin-right: auto;margin-top:30px;width:100%;\"><\/div><div class=\"fusion-sep-clear\"><\/div><div class=\"fusion-clearfix\"><\/div><\/div><\/div><\/div><\/div><\/p>\n","protected":false},"excerpt":{"rendered":"","protected":false},"author":1,"featured_media":0,"parent":0,"menu_order":0,"comment_status":"closed","ping_status":"closed","template":"100-width.php","meta":{"footnotes":""},"class_list":["post-679","page","type-page","status-publish","hentry"],"_links":{"self":[{"href":"https:\/\/www.apartma-damijan.si\/de\/wp-json\/wp\/v2\/pages\/679","targetHints":{"allow":["GET"]}}],"collection":[{"href":"https:\/\/www.apartma-damijan.si\/de\/wp-json\/wp\/v2\/pages"}],"about":[{"href":"https:\/\/www.apartma-damijan.si\/de\/wp-json\/wp\/v2\/types\/page"}],"author":[{"embeddable":true,"href":"https:\/\/www.apartma-damijan.si\/de\/wp-json\/wp\/v2\/users\/1"}],"replies":[{"embeddable":true,"href":"https:\/\/www.apartma-damijan.si\/de\/wp-json\/wp\/v2\/comments?post=679"}],"version-history":[{"count":4,"href":"https:\/\/www.apartma-damijan.si\/de\/wp-json\/wp\/v2\/pages\/679\/revisions"}],"predecessor-version":[{"id":735,"href":"https:\/\/www.apartma-damijan.si\/de\/wp-json\/wp\/v2\/pages\/679\/revisions\/735"}],"wp:attachment":[{"href":"https:\/\/www.apartma-damijan.si\/de\/wp-json\/wp\/v2\/media?parent=679"}],"curies":[{"name":"wp","href":"https:\/\/api.w.org\/{rel}","templated":true}]}}